{"id":81,"date":"2019-09-17T06:56:56","date_gmt":"2019-09-17T06:56:56","guid":{"rendered":"https:\/\/autobusesdeandorra.es\/?page_id=81"},"modified":"2019-09-23T11:08:07","modified_gmt":"2019-09-23T11:08:07","slug":"politica-de-cookies","status":"publish","type":"page","link":"https:\/\/autobusesdeandorra.es\/en\/politica-de-cookies\/","title":{"rendered":"Pol\u00edtica de cookies"},"content":{"rendered":"<p>[et_pb_section fb_built=&#8221;1&#8243; _builder_version=&#8221;3.29.2&#8243; fb_built=&#8221;1&#8243; _i=&#8221;0&#8243; _address=&#8221;0&#8243;][et_pb_row _builder_version=&#8221;3.29.2&#8243; _i=&#8221;0&#8243; _address=&#8221;0.0&#8243;][et_pb_column type=&#8221;4_4&#8243; _builder_version=&#8221;3.29.2&#8243; _i=&#8221;0&#8243; _address=&#8221;0.0.0&#8243;][et_pb_text _builder_version=&#8221;3.29.2&#8243; hover_enabled=&#8221;0&#8243; _i=&#8221;0&#8243; _address=&#8221;0.0.0.0&#8243;]<\/p>\n<h1>Poli\u0301tica de cookies <\/h1>\n<p>AUTOBUSES DE ANDORRA S.L. informa acerca del uso de las cookies en su pa\u0301gina web: www.autobusesdeandorra.es.<\/p>\n<p><strong>\u00bfQue\u0301 son las cookies? <\/strong><\/p>\n<p>Las cookies son archivos que se pueden descargar en su equipo a trave\u0301s de las pa\u0301ginas web. Son herramientas que tienen un papel esencial para la prestacio\u0301n de numerosos servicios de la sociedad de la informacio\u0301n. Entre otros, permiten a una pa\u0301gina web almacenar y recuperar informacio\u0301n sobre los ha\u0301bitos de navegacio\u0301n de un usuario o de su equipo y, dependiendo de la informacio\u0301n obtenida, se pueden utilizar para reconocer al usuario y mejorar el servicio ofrecido.<\/p>\n<p><strong>Tipos de cookies <\/strong><\/p>\n<p>Segu\u0301n quien sea la entidad que gestione el dominio desde donde se envi\u0301an las cookies y trate los datos que se obtengan se pueden distinguir dos tipos:<\/p>\n<ul>\n<li>Cookies propias:<br \/>Aque\u0301llas que se envi\u0301an al equipo terminal del usuario desde un equipo o dominio gestionado por el propio editor y desde el que se presta el servicio solicitado por el usuario.<\/li>\n<li>Cookies de terceros:<br \/>Aque\u0301llas que se envi\u0301an al equipo terminal del usuario desde un equipo o dominio que no es gestionado por el editor, sino por otra entidad que trata los datos obtenidos trave\u0301s de las cookies.<\/li>\n<\/ul>\n<p>En el caso de que las cookies sean instaladas desde un equipo o dominio gestionado por el propio editor pero la informacio\u0301n que se recoja mediante e\u0301stas sea gestionada por un tercero, no pueden ser consideradas como cookies propias.<\/p>\n<p>Existe tambie\u0301n una segunda clasificacio\u0301n segu\u0301n el plazo de tiempo que permanecen almacenadas en el navegador del cliente, pudiendo tratarse de:<\/p>\n<ul>\n<li>Cookies de sesio\u0301n:<br \/>Disen\u0303adas para recabar y almacenar datos mientras el usuario accede a una pa\u0301gina web. Se suelen emplear para almacenar informacio\u0301n que solo interesa conservar para la prestacio\u0301n del servicio solicitado por el usuario en una sola ocasio\u0301n (p.e. una lista de productos adquiridos).<\/li>\n<li>Cookies persistentes:<br \/>Los datos siguen almacenados en el terminal y pueden ser accedidos y tratados durante un periodo definido por el responsable de la cookie, y que puede ir de unos minutos a varios an\u0303os.<\/li>\n<\/ul>\n<p>Por u\u0301ltimo, existe otra clasificacio\u0301n con seis tipos de cookies segu\u0301n la finalidad para la que se traten los datos obtenidos:<\/p>\n<ul>\n<li>Cookies te\u0301cnicas:<br \/>Aquellas que permiten al usuario la navegacio\u0301n a trave\u0301s de una pa\u0301gina web, plataforma o aplicacio\u0301n y la utilizacio\u0301n de las diferentes opciones o servicios que en ella existan como, por ejemplo, controlar el tra\u0301fico y la comunicacio\u0301n de datos, identificar la sesio\u0301n, acceder a partes de acceso restringido, recordar los elementos que integran un pedido, realizar el proceso de compra de un pedido, realizar la solicitud de inscripcio\u0301n o participacio\u0301n en un evento, utilizar elementos de seguridad durante la navegacio\u0301n, almacenar contenidos para la difusio\u0301n de vi\u0301deos o sonido o compartir contenidos a trave\u0301s de redes sociales.<\/li>\n<li>Cookies de personalizacio\u0301n:<br \/>Permiten al usuario acceder al servicio con algunas caracteri\u0301sticas de cara\u0301cter general predefinidas en funcio\u0301n de una serie de criterios en el terminal del usuario como por ejemplo serian el idioma, el tipo de navegador a trave\u0301s del cual accede al servicio, la configuracio\u0301n regional desde donde accede al servicio, etc.<\/li>\n<li>Cookies de ana\u0301lisis:<br \/>Permiten al responsable de las mismas, el seguimiento y ana\u0301lisis del comportamiento de los usuarios de los sitios web a los que esta\u0301n vinculadas. La informacio\u0301n recogida mediante este tipo de cookies se utiliza en la medicio\u0301n de la actividad de los sitios web, aplicacio\u0301n o plataforma y para la elaboracio\u0301n de perfiles de navegacio\u0301n de los usuarios de dichos sitios, aplicaciones y plataformas, con el fin de introducir mejoras en funcio\u0301n del ana\u0301lisis de los datos de uso que hacen los usuarios del servicio.<\/li>\n<li>Cookies publicitarias:<br \/>Permiten la gestio\u0301n, de la forma ma\u0301s eficaz posible, de los espacios publicitarios.<\/li>\n<li>Cookies de publicidad comportamental:<br \/>Almacenan informacio\u0301n del comportamiento de los usuarios obtenida a trave\u0301s de la observacio\u0301n continuada de sus ha\u0301bitos de navegacio\u0301n, lo que permite desarrollar un perfil especi\u0301fico para mostrar publicidad en funcio\u0301n del mismo.<\/li>\n<li>Cookies de redes sociales externas:<br \/>Se utilizan para que los visitantes puedan interactuar con el contenido de diferentes plataformas sociales (facebook, youtube, twitter, linkedIn, etc..) y que se generen u\u0301nicamente para los usuarios de dichas redes sociales. Las condiciones de utilizacio\u0301n de estas cookies y la informacio\u0301n recopilada se regula por la poli\u0301tica de privacidad de la plataforma social correspondiente.<\/li>\n<\/ul>\n<p>&nbsp;<\/p>\n<p><strong>Desactivacio\u0301n y eliminacio\u0301n de cookies <\/strong><\/p>\n<p>Tienes la opcio\u0301n de permitir, bloquear o eliminar las cookies instaladas en tu equipo mediante la configuracio\u0301n de las opciones del navegador instalado en su equipo. Al desactivar cookies, algunos de los servicios disponibles podri\u0301an dejar de estar operativos. La forma de deshabilitar las cookies es diferente para cada navegador, pero normalmente puede hacerse desde el menu\u0301 Herramientas u Opciones. Tambie\u0301n puede consultarse el menu\u0301 de Ayuda del navegador do\u0301nde puedes encontrar instrucciones. El usuario podra\u0301 en cualquier momento elegir que\u0301 cookies quiere que funcionen en este sitio web.<\/p>\n<p>Puede usted permitir, bloquear o eliminar las cookies instaladas en su equipo mediante la configuracio\u0301n de las opciones del navegador instalado en su ordenador:<\/p>\n<ul>\n<li>Microsoft Internet Explorer o Microsoft Edge: http:\/\/windows.microsoft.com\/es-es\/windows-vista\/Block-or-allow-cookies<\/li>\n<li>Mozilla Firefox: http:\/\/support.mozilla.org\/es\/kb\/impedir-que-los-sitios-web-guarden-sus-preferencia<\/li>\n<li>Chrome: https:\/\/support.google.com\/accounts\/answer\/61416?hl=es<\/li>\n<li>Safari: http:\/\/safari.helpmax.net\/es\/privacidad-y-seguridad\/como-gestionar-las-cookies\/<\/li>\n<li>Opera: http:\/\/help.opera.com\/Linux\/10.60\/es-ES\/cookies.html<\/li>\n<\/ul>\n<p>Adema\u0301s, tambie\u0301n puede gestionar el almace\u0301n de cookies en su navegador a trave\u0301s de herramientas como las siguientes<\/p>\n<ul>\n<li>Ghostery: www.ghostery.com\/<\/li>\n<li>Your Online Choices: www.youronlinechoices.com\/es\/<\/li>\n<\/ul>\n<p><strong>Cookies utilizadas en www.autobusesdeandorra.es<\/strong><\/p>\n<p>A continuacio\u0301n se identifican las cookies que esta\u0301n siendo utilizadas en este portal asi\u0301 como su tipologi\u0301a y funcio\u0301n:<\/p>\n<table class=\"wp-block-table\">\n<tbody>\n<tr>\n<td>Nombre<\/td>\n<td>Categoria<\/td>\n<td>Descripci\u00f3n<\/td>\n<td>Propiedad<\/td>\n<td>Duraci\u00f3n<\/td>\n<\/tr>\n<tr>\n<td>_ga<\/td>\n<td>An\u00e1lisis<\/td>\n<td>Se usa para distinguir a los usuarios. Cookies utilizada por Google Analytics que contiene un identificador an\u00f3nimo usado para distinguir usuarios<\/td>\n<td>Terceros<\/td>\n<td>2 a\u00f1os<\/td>\n<\/tr>\n<tr>\n<td>_gat<\/td>\n<td>An\u00e1lisis<\/td>\n<td>Cookies utilizada por Google Analytics que contiene un identificador an\u00f3nimo usado para distinguir usuarios<\/td>\n<td>Terceros<\/td>\n<td>24 Meses<\/td>\n<\/tr>\n<tr>\n<td>_gid<\/td>\n<td>An\u00e1lisis<\/td>\n<td>Se usa para distinguir a los usuarios. Cookies utilizada por Google Analytics que contiene un identificador an\u00f3nimo usado para distinguir usuarios<\/td>\n<td>Terceros<\/td>\n<td>2 a\u00f1os<\/td>\n<\/tr>\n<tr>\n<td>PHPSESSID<\/td>\n<td>Funcionalidad<\/td>\n<td>Esta cookie es usado por el lenguaje de encriptado PHP para permitir que las variables de sesi\u00f3n sean guardadas en el servidor web.<\/td>\n<td>Propia<\/td>\n<td>Finalizaci\u00f3n de la sesi\u00f3n<\/td>\n<\/tr>\n<tr>\n<td>wordpress_<\/td>\n<td>Funcionalidad<\/td>\n<td>Se activa durante el login y guarda los detalles de autentificaci\u00f3n.<\/td>\n<td>Propia<\/td>\n<td>1 a\u00f1o<\/td>\n<\/tr>\n<tr>\n<td>wordpress_logged_in_<\/td>\n<td>Funcionalidad<\/td>\n<td>Se activa durante el login y guarda los detalles de autentificaci\u00f3n.<\/td>\n<td>Propia<\/td>\n<td>1 a\u00f1o<\/td>\n<\/tr>\n<tr>\n<td>wordpress_test_cookie<\/td>\n<td>Funcionalidad<\/td>\n<td>Se activa durante el login y guarda los detalles de autentificaci\u00f3n.<\/td>\n<td>Propia<\/td>\n<td>1 a\u00f1o<\/td>\n<\/tr>\n<tr>\n<td>wp-settings-<\/td>\n<td>Funcionalidad<\/td>\n<td>Sirve para personalizar la Interfaz de Usuario.<\/td>\n<td>Propia<\/td>\n<td>1 a\u00f1o<\/td>\n<\/tr>\n<tr>\n<td>wp-settings-time-<\/td>\n<td>Funcionalidad<\/td>\n<td>Sirve para personalizar la Interfaz de Usuario.<\/td>\n<td>Propia<\/td>\n<td>Finalizaci\u00f3n de la sesi\u00f3n<\/td>\n<\/tr>\n<tr>\n<td>catAccCookies<\/td>\n<td>Funcionalidad<\/td>\n<td>Contiene un c\u00f3digo para verificar que la pol\u00edtica de cookies ha sido aceptada.<\/td>\n<td>Propia<\/td>\n<td>Finalizaci\u00f3n de la sesi\u00f3n<\/td>\n<\/tr>\n<tr>\n<td>wp-saving-post<\/td>\n<td>Funcionalidad<\/td>\n<td>Almacena informaci\u00f3n de los comentarios en los art\u00edculos.<\/td>\n<td>Propia<\/td>\n<td>Finalizaci\u00f3n de la sesi\u00f3n<\/td>\n<\/tr>\n<tr>\n<td>wf_loginalerted<\/td>\n<td>Funcionalidad<\/td>\n<td>Esta cookie ayuda a los sitios a saber si ha habido un inicio de sesi\u00f3n de administrador desde un nuevo dispositivo o ubicaci\u00f3n, para ayudar a la seguridad del sitio web.<\/td>\n<td>Terceros<\/td>\n<td>1 A\u00f1o<\/td>\n<\/tr>\n<tr>\n<td>muxData<\/td>\n<td>Funcionalidad<\/td>\n<td>Ayuda al seguimiento de los usuarios que usan este servicio de v\u00eddeo<\/td>\n<td>Terceros<\/td>\n<td>1 A\u00f1o<\/td>\n<\/tr>\n<tr>\n<td>__distillery<\/td>\n<td>Funcionalidad<\/td>\n<td>Esta cookie es utilizada por nuestro reproductor de v\u00eddeo para recordar d\u00f3nde se encuentra en un v\u00eddeo de modo que si se interrumpe la reproducci\u00f3n (por ejemplo, por la p\u00e9rdida de su conexi\u00f3n a Internet), puede volver al punto a donde lo dej\u00f3.<\/td>\n<td>Terceros<\/td>\n<td>1 A\u00f1o<\/td>\n<\/tr>\n<tr>\n<td>fr<\/td>\n<td>\u00a0<\/td>\n<td>Descripci\u00f3n: Estas cookies son de Facebook, sirven para mostrar el bot\u00f3n \u201cMe gusta\u201d y mostrar el n\u00famero de seguidores. Para m\u00e1s informaci\u00f3n<\/td>\n<td>Terceros<\/td>\n<td>1 A\u00f1o<\/td>\n<\/tr>\n<tr>\n<td>lu<\/td>\n<td>\u00a0<\/td>\n<td>Cookies de Facebook que tienen por finalidad posibilitar el logueo en el sitio web a trav\u00e9s de la cuenta de Facebook.<\/td>\n<td>Terceros<\/td>\n<td>2 A\u00f1os<\/td>\n<\/tr>\n<tr>\n<td>SAPISID<\/td>\n<td>Anal\u00edtica<\/td>\n<td>Cookies t\u00e9cnicas utilizadas por Google Maps, Youtube o Google ReCaptcha<\/td>\n<td>Terceros<\/td>\n<td>2 A\u00f1os<\/td>\n<\/tr>\n<tr>\n<td>HSID<\/td>\n<td>Anal\u00edtica<\/td>\n<td>Cookies t\u00e9cnicas utilizadas por Google Maps, Youtube o Google ReCaptcha<\/td>\n<td>Terceros<\/td>\n<td>6 Meses<\/td>\n<\/tr>\n<tr>\n<td>NID<\/td>\n<td>Anal\u00edtica<\/td>\n<td>Cookies t\u00e9cnicas utilizadas por Google Maps, Youtube o Google ReCaptcha<\/td>\n<td>Terceros<\/td>\n<td>6 Meses<\/td>\n<\/tr>\n<tr>\n<td>PREF<\/td>\n<td>Anal\u00edtica<\/td>\n<td>Cookies t\u00e9cnicas utilizadas por Google Maps, Youtube o Google ReCaptcha<\/td>\n<td>Terceros<\/td>\n<td>2 A\u00f1os<\/td>\n<\/tr>\n<tr>\n<td>SSID<\/td>\n<td>Anal\u00edtica<\/td>\n<td>Cookies t\u00e9cnicas utilizadas por Google Maps, Youtube o Google ReCaptcha<\/td>\n<td>Terceros<\/td>\n<td>6 Meses<\/td>\n<\/tr>\n<tr>\n<td>SID<\/td>\n<td>Anal\u00edtica<\/td>\n<td>Inicio de sesi\u00f3n del ID de cuenta de Google.<\/td>\n<td>Terceros<\/td>\n<td>6 Meses<\/td>\n<\/tr>\n<tr>\n<td>newsletter_emails_edit_tab<\/td>\n<td>Publicidad<\/td>\n<td>Para mnetener informado con el envido de neswletter a las personas que se registren.<\/td>\n<td>Terceros<\/td>\n<td>24 horas<\/td>\n<\/tr>\n<\/tbody>\n<\/table>\n<table class=\"wp-block-table\">\n<tbody>\n<tr>\n<td>1P_JAR<\/td>\n<td>Google<\/td>\n<td>Anal\u00edtica<\/td>\n<td>\u00a0persistentes<\/td>\n<td>Servicios de Google como Google Analytics, Google Maps, Youtube o Google ReCaptcha.\u00a0\u00a0\u00a0\u00a0\u00a0\u00a0\u00a0\u00a0\u00a0\u00a0\u00a0\u00a0\u00a0\u00a0\u00a0 6 Meses<\/td>\n<\/tr>\n<tr>\n<td>S<\/td>\n<td>Google<\/td>\n<td>Anal\u00edtica<\/td>\n<td>\u00a0persistentes<\/td>\n<td>Servicios de Google como Google Analytics, Google Maps, Youtube o Google ReCaptcha.\u00a0\u00a0\u00a0\u00a0\u00a0\u00a0\u00a0\u00a0\u00a0\u00a0\u00a0\u00a0\u00a0\u00a0\u00a0 2 A\u00f1os<\/td>\n<\/tr>\n<tr>\n<td>APISID<\/td>\n<td>Google<\/td>\n<td>Anal\u00edtica<\/td>\n<td>\u00a0persistentes<\/td>\n<td>Servicios de Google como Google Analytics, Google Maps, Youtube o Google ReCaptcha.\u00a0\u00a0\u00a0\u00a0\u00a0\u00a0\u00a0\u00a0\u00a0\u00a0\u00a0\u00a0\u00a0\u00a0\u00a0 2 A\u00f1os<\/td>\n<\/tr>\n<tr>\n<td>SIDCC<\/td>\n<td>Google<\/td>\n<td>Anal\u00edtica<\/td>\n<td>\u00a0persistentes<\/td>\n<td>Servicios de Google como Google Analytics, Google Maps, Youtube o Google ReCaptcha.\u00a0\u00a0\u00a0\u00a0\u00a0\u00a0\u00a0\u00a0\u00a0\u00a0\u00a0\u00a0\u00a0\u00a0\u00a0 2 A\u00f1os<\/td>\n<\/tr>\n<\/tbody>\n<\/table>\n<table class=\"wp-block-table\">\n<tbody>\n<tr>\n<td>wfvt_<\/td>\n<td>Cookie establecido por Wordfence Security WordPress plugin que anota informaci\u00f3n acerca de su ubicaci\u00f3n geogr\u00e1fica general.<\/td>\n<td>30 minutos<\/td>\n<\/tr>\n<tr>\n<td>wfwaf-authcookie-<\/td>\n<td>Esta cookie es establecida por el plugin de seguridad de WordPress \u201cWordfence\u201d. Se utiliza para autenticar la solicitud de inicio de sesi\u00f3n del usuario.<\/td>\n<td>1 d\u00eda<\/td>\n<\/tr>\n<tr>\n<td>wordfence_verifiedHuman<\/td>\n<td>Cookie establecido por Wordfence Security WordPress plugin para proteger el sitio contra ataques maliciosos.<\/td>\n<td>\n<p>1 d\u00eda<\/p>\n<p>&nbsp;<\/p>\n<\/td>\n<\/tr>\n<\/tbody>\n<\/table>\n<p><strong>Aceptacio\u0301n de la Poli\u0301tica de cookies <\/strong><\/p>\n<p>www.autobusesdeandorra.es, asume que usted acepta el uso de cookies. No obstante, muestra informacio\u0301n sobre su Poli\u0301tica de cookies en la parte inferior o superior de cualquier pa\u0301gina del portal con cada inicio de sesio\u0301n con el objeto de que usted sea consciente.<\/p>\n<p>Ante esta informacio\u0301n es posible llevar a cabo las siguientes acciones:<\/p>\n<ul>\n<li>Aceptar cookies:<br \/>No se volvera\u0301 a visualizar este aviso al acceder a cualquier pa\u0301gina del portal durante la presente sesio\u0301n.<\/li>\n<li>Cerrar:<br \/>Se oculta el aviso en la presente pa\u0301gina.<\/li>\n<li>Modificar su configuracio\u0301n:<br \/>Podra\u0301 obtener ma\u0301s informacio\u0301n sobre que\u0301 son las cookies, conocer la Poli\u0301tica de cookies de: <a href=\"http:\/\/www.autobusesdeandorra.es\">www.autobusesdeandorra.es<\/a> y modificar la configuracio\u0301n de su navegador.<\/li>\n<\/ul>\n<p>[\/et_pb_text][\/et_pb_column][\/et_pb_row][\/et_pb_section]<\/p>\n","protected":false},"excerpt":{"rendered":"<p>Poli\u0301tica de cookies AUTOBUSES DE ANDORRA S.L. informa acerca del uso de las cookies en su pa\u0301gina web: www.autobusesdeandorra.es. \u00bfQue\u0301 son las cookies? Las cookies son archivos que se pueden descargar en su equipo a trave\u0301s de las pa\u0301ginas web. Son herramientas que tienen un papel esencial para la prestacio\u0301n de numerosos servicios de la [&hellip;]<\/p>\n","protected":false},"author":1,"featured_media":0,"parent":0,"menu_order":0,"comment_status":"closed","ping_status":"closed","template":"","meta":{"_et_pb_use_builder":"on","_et_pb_old_content":"","_et_gb_content_width":"","_mi_skip_tracking":false},"yoast_head":"<!-- This site is optimized with the Yoast SEO plugin v19.9 - https:\/\/yoast.com\/wordpress\/plugins\/seo\/ -->\n<title>Pol\u00edtica de cookies | Autobuses de Andorra<\/title>\n<meta name=\"robots\" content=\"noindex, nofollow\" \/>\n<meta property=\"og:locale\" content=\"en_US\" \/>\n<meta property=\"og:locale:alternate\" content=\"es_ES\" \/>\n<meta property=\"og:type\" content=\"article\" \/>\n<meta property=\"og:title\" content=\"Pol\u00edtica de cookies | Autobuses de Andorra\" \/>\n<meta property=\"og:description\" content=\"Poli\u0301tica de cookies AUTOBUSES DE ANDORRA S.L. informa acerca del uso de las cookies en su pa\u0301gina web: www.autobusesdeandorra.es. \u00bfQue\u0301 son las cookies? Las cookies son archivos que se pueden descargar en su equipo a trave\u0301s de las pa\u0301ginas web. Son herramientas que tienen un papel esencial para la prestacio\u0301n de numerosos servicios de la [&hellip;]\" \/>\n<meta property=\"og:url\" content=\"https:\/\/autobusesdeandorra.es\/en\/politica-de-cookies\/\" \/>\n<meta property=\"og:site_name\" content=\"Autobuses de Andorra\" \/>\n<meta property=\"article:modified_time\" content=\"2019-09-23T11:08:07+00:00\" \/>\n<meta name=\"twitter:card\" content=\"summary_large_image\" \/>\n<meta name=\"twitter:label1\" content=\"Est. reading time\" \/>\n\t<meta name=\"twitter:data1\" content=\"9 minutes\" \/>\n<script type=\"application\/ld+json\" class=\"yoast-schema-graph\">{\"@context\":\"https:\/\/schema.org\",\"@graph\":[{\"@type\":\"WebPage\",\"@id\":\"https:\/\/autobusesdeandorra.es\/politica-de-cookies\/\",\"url\":\"https:\/\/autobusesdeandorra.es\/politica-de-cookies\/\",\"name\":\"Pol\u00edtica de cookies | Autobuses de Andorra\",\"isPartOf\":{\"@id\":\"https:\/\/autobusesdeandorra.es\/#website\"},\"datePublished\":\"2019-09-17T06:56:56+00:00\",\"dateModified\":\"2019-09-23T11:08:07+00:00\",\"breadcrumb\":{\"@id\":\"https:\/\/autobusesdeandorra.es\/politica-de-cookies\/#breadcrumb\"},\"inLanguage\":\"en-US\",\"potentialAction\":[{\"@type\":\"ReadAction\",\"target\":[\"https:\/\/autobusesdeandorra.es\/politica-de-cookies\/\"]}]},{\"@type\":\"BreadcrumbList\",\"@id\":\"https:\/\/autobusesdeandorra.es\/politica-de-cookies\/#breadcrumb\",\"itemListElement\":[{\"@type\":\"ListItem\",\"position\":1,\"name\":\"Portada\",\"item\":\"https:\/\/autobusesdeandorra.es\/\"},{\"@type\":\"ListItem\",\"position\":2,\"name\":\"Pol\u00edtica de cookies\"}]},{\"@type\":\"WebSite\",\"@id\":\"https:\/\/autobusesdeandorra.es\/#website\",\"url\":\"https:\/\/autobusesdeandorra.es\/\",\"name\":\"Autobuses de Andorra\",\"description\":\"Autobuses de Andorra\",\"publisher\":{\"@id\":\"https:\/\/autobusesdeandorra.es\/#organization\"},\"potentialAction\":[{\"@type\":\"SearchAction\",\"target\":{\"@type\":\"EntryPoint\",\"urlTemplate\":\"https:\/\/autobusesdeandorra.es\/?s={search_term_string}\"},\"query-input\":\"required name=search_term_string\"}],\"inLanguage\":\"en-US\"},{\"@type\":\"Organization\",\"@id\":\"https:\/\/autobusesdeandorra.es\/#organization\",\"name\":\"Autobuses de Andorra S.L.\",\"url\":\"https:\/\/autobusesdeandorra.es\/\",\"logo\":{\"@type\":\"ImageObject\",\"inLanguage\":\"en-US\",\"@id\":\"https:\/\/autobusesdeandorra.es\/#\/schema\/logo\/image\/\",\"url\":\"https:\/\/autobusesdeandorra.es\/wp-content\/uploads\/2019\/09\/logo-autobusesandorra3.png\",\"contentUrl\":\"https:\/\/autobusesdeandorra.es\/wp-content\/uploads\/2019\/09\/logo-autobusesandorra3.png\",\"width\":384,\"height\":90,\"caption\":\"Autobuses de Andorra S.L.\"},\"image\":{\"@id\":\"https:\/\/autobusesdeandorra.es\/#\/schema\/logo\/image\/\"}}]}<\/script>\n<!-- \/ Yoast SEO plugin. -->","yoast_head_json":{"title":"Pol\u00edtica de cookies | Autobuses de Andorra","robots":{"index":"noindex","follow":"nofollow"},"og_locale":"en_US","og_type":"article","og_title":"Pol\u00edtica de cookies | Autobuses de Andorra","og_description":"Poli\u0301tica de cookies AUTOBUSES DE ANDORRA S.L. informa acerca del uso de las cookies en su pa\u0301gina web: www.autobusesdeandorra.es. \u00bfQue\u0301 son las cookies? Las cookies son archivos que se pueden descargar en su equipo a trave\u0301s de las pa\u0301ginas web. Son herramientas que tienen un papel esencial para la prestacio\u0301n de numerosos servicios de la [&hellip;]","og_url":"https:\/\/autobusesdeandorra.es\/en\/politica-de-cookies\/","og_site_name":"Autobuses de Andorra","article_modified_time":"2019-09-23T11:08:07+00:00","twitter_card":"summary_large_image","twitter_misc":{"Est. reading time":"9 minutes"},"schema":{"@context":"https:\/\/schema.org","@graph":[{"@type":"WebPage","@id":"https:\/\/autobusesdeandorra.es\/politica-de-cookies\/","url":"https:\/\/autobusesdeandorra.es\/politica-de-cookies\/","name":"Pol\u00edtica de cookies | Autobuses de Andorra","isPartOf":{"@id":"https:\/\/autobusesdeandorra.es\/#website"},"datePublished":"2019-09-17T06:56:56+00:00","dateModified":"2019-09-23T11:08:07+00:00","breadcrumb":{"@id":"https:\/\/autobusesdeandorra.es\/politica-de-cookies\/#breadcrumb"},"inLanguage":"en-US","potentialAction":[{"@type":"ReadAction","target":["https:\/\/autobusesdeandorra.es\/politica-de-cookies\/"]}]},{"@type":"BreadcrumbList","@id":"https:\/\/autobusesdeandorra.es\/politica-de-cookies\/#breadcrumb","itemListElement":[{"@type":"ListItem","position":1,"name":"Portada","item":"https:\/\/autobusesdeandorra.es\/"},{"@type":"ListItem","position":2,"name":"Pol\u00edtica de cookies"}]},{"@type":"WebSite","@id":"https:\/\/autobusesdeandorra.es\/#website","url":"https:\/\/autobusesdeandorra.es\/","name":"Autobuses de Andorra","description":"Autobuses de Andorra","publisher":{"@id":"https:\/\/autobusesdeandorra.es\/#organization"},"potentialAction":[{"@type":"SearchAction","target":{"@type":"EntryPoint","urlTemplate":"https:\/\/autobusesdeandorra.es\/?s={search_term_string}"},"query-input":"required name=search_term_string"}],"inLanguage":"en-US"},{"@type":"Organization","@id":"https:\/\/autobusesdeandorra.es\/#organization","name":"Autobuses de Andorra S.L.","url":"https:\/\/autobusesdeandorra.es\/","logo":{"@type":"ImageObject","inLanguage":"en-US","@id":"https:\/\/autobusesdeandorra.es\/#\/schema\/logo\/image\/","url":"https:\/\/autobusesdeandorra.es\/wp-content\/uploads\/2019\/09\/logo-autobusesandorra3.png","contentUrl":"https:\/\/autobusesdeandorra.es\/wp-content\/uploads\/2019\/09\/logo-autobusesandorra3.png","width":384,"height":90,"caption":"Autobuses de Andorra S.L."},"image":{"@id":"https:\/\/autobusesdeandorra.es\/#\/schema\/logo\/image\/"}}]}},"_links":{"self":[{"href":"https:\/\/autobusesdeandorra.es\/en\/wp-json\/wp\/v2\/pages\/81"}],"collection":[{"href":"https:\/\/autobusesdeandorra.es\/en\/wp-json\/wp\/v2\/pages"}],"about":[{"href":"https:\/\/autobusesdeandorra.es\/en\/wp-json\/wp\/v2\/types\/page"}],"author":[{"embeddable":true,"href":"https:\/\/autobusesdeandorra.es\/en\/wp-json\/wp\/v2\/users\/1"}],"replies":[{"embeddable":true,"href":"https:\/\/autobusesdeandorra.es\/en\/wp-json\/wp\/v2\/comments?post=81"}],"version-history":[{"count":5,"href":"https:\/\/autobusesdeandorra.es\/en\/wp-json\/wp\/v2\/pages\/81\/revisions"}],"predecessor-version":[{"id":203,"href":"https:\/\/autobusesdeandorra.es\/en\/wp-json\/wp\/v2\/pages\/81\/revisions\/203"}],"wp:attachment":[{"href":"https:\/\/autobusesdeandorra.es\/en\/wp-json\/wp\/v2\/media?parent=81"}],"curies":[{"name":"wp","href":"https:\/\/api.w.org\/{rel}","templated":true}]}}